{"id":1201,"date":"2022-02-21T20:46:18","date_gmt":"2022-02-21T19:46:18","guid":{"rendered":"https:\/\/blogs.uni-siegen.de\/forschung\/?page_id=1201"},"modified":"2025-03-11T07:21:49","modified_gmt":"2025-03-11T06:21:49","slug":"joint-research-projects","status":"publish","type":"page","link":"https:\/\/forschung.uni-siegen.de\/en\/forschung\/researchprofile\/joint-research-projects\/","title":{"rendered":"Joint Research Projects"},"content":{"rendered":"\n<div class=\"wp-block-group regularhero is-layout-flow wp-block-group-is-layout-flow\">\n<div class=\"wp-block-cover is-light\"><span aria-hidden=\"true\" class=\"wp-block-cover__background has-palette-color-8-background-color has-background-dim-0 has-background-dim\"><\/span><img loading=\"lazy\" decoding=\"async\" width=\"1500\" height=\"1000\" class=\"wp-block-cover__image-background wp-image-1744\" alt=\"\" src=\"https:\/\/forschung.uni-siegen.de\/files\/2022\/05\/verbund.jpg\" style=\"object-position:47% 44%\" data-object-fit=\"cover\" data-object-position=\"47% 44%\" srcset=\"https:\/\/forschung.uni-siegen.de\/files\/2022\/05\/verbund.jpg 1500w, https:\/\/forschung.uni-siegen.de\/files\/2022\/05\/verbund-300x200.jpg 300w, https:\/\/forschung.uni-siegen.de\/files\/2022\/05\/verbund-1024x683.jpg 1024w, https:\/\/forschung.uni-siegen.de\/files\/2022\/05\/verbund-768x512.jpg 768w\" sizes=\"auto, (max-width: 1500px) 100vw, 1500px\" \/><div class=\"wp-block-cover__inner-container is-layout-flow wp-block-cover-is-layout-flow\">\n<p class=\"has-text-align-center has-large-font-size\"><\/p>\n<\/div><\/div>\n<\/div>\n\n\n\n<p>The following large-scale joint projects are currently being funded at the University of Siegen:<\/p>\n\n\n\n<div class=\"wp-block-columns is-layout-flex wp-container-core-columns-is-layout-28f84493 wp-block-columns-is-layout-flex\">\n<div class=\"wp-block-column is-layout-flow wp-block-column-is-layout-flow\">\n<div class=\"wp-block-pb-accordion-item c-accordion__item js-accordion-item no-js\" data-initially-open=\"false\" data-click-to-close=\"true\" data-auto-close=\"true\" data-scroll=\"false\" data-scroll-offset=\"0\"><h2 id=\"at-12010\" class=\"c-accordion__title js-accordion-controller\" role=\"button\">Collaborative Research Centres \/ Transregios<\/h2><div id=\"ac-12010\" class=\"c-accordion__content\">\n<p>The University currently has the following Collaborative Research Centers and Transregios:<\/p>\n\n\n\n<p><strong>Sonderforschungsbereich 1472<\/strong><br><a rel=\"noreferrer noopener\" href=\"https:\/\/sfb1472.uni-siegen.de\/\" data-type=\"URL\" data-id=\"https:\/\/sfb1472.uni-siegen.de\/\" target=\"_blank\">Transformationen des Popul\u00e4ren<\/a><br>(since 2021, Speaker: Prof. Dr. Niels Werber)<\/p>\n\n\n\n<p><strong>Sonderforschungsbereich \/ Transregio 257<\/strong><br><a rel=\"noreferrer noopener\" href=\"https:\/\/p3h.particle.kit.edu\/\" data-type=\"URL\" data-id=\"https:\/\/p3h.particle.kit.edu\/\" target=\"_blank\">Ph\u00e4nomenologische Elementarteilchenphysik nach der Higgs-Entdeckung<\/a><br>(since 2019, Speaker : Prof. Kirill Melnikov; Karlsruher Institute of Technology<br>Co-Speaker: Prof. Michael Kr\u00e4mer; RWTH Aachen<br>Co- Speaker : Prof. Dr. Thomas Mannel; Universit\u00e4t Siegen)<\/p>\n\n\n\n<p><strong>Sonderforschungsbereich 1187<\/strong><br><a rel=\"noreferrer noopener\" href=\"https:\/\/www.mediacoop.uni-siegen.de\/de\/\" data-type=\"URL\" data-id=\"https:\/\/www.mediacoop.uni-siegen.de\/de\/\" target=\"_blank\">Medien der Kooperation<\/a><br>(since 2016, Speaker: Prof. Dr. Carolin Gerlitz)<\/p>\n\n\n\n<h4 class=\"wp-block-heading\">Completed Collaborative Research Centers<\/h4>\n\n\n\n<p><strong>Sonderforschungsbereich \/ Forschungskolleg 615<\/strong><br>Medienumbr\u00fcche: Medienkulturen und Medien\u00e4sthetik zu Beginn des 20. Jahrhunderts und im \u00dcbergang zum 21. Jahrhundert<br>(2002 \u2013 2010, Speaker: Prof. Dr. Peter Gendolla)<\/p>\n\n\n\n<p><strong>Sonderforschungsbereich 240<\/strong><br>\u00c4sthetik, Pragmatik und Geschichte der Bildschirmmedien<br>(1986 \u2013 2000, Speaker: Prof. Dr. Helmut Schanze)<\/p>\n<\/div><\/div>\n\n\n\n<div class=\"wp-block-pb-accordion-item c-accordion__item js-accordion-item no-js\" data-initially-open=\"false\" data-click-to-close=\"true\" data-auto-close=\"true\" data-scroll=\"false\" data-scroll-offset=\"0\"><h2 id=\"at-12011\" class=\"c-accordion__title js-accordion-controller\" role=\"button\">Research Groups<\/h2><div id=\"ac-12011\" class=\"c-accordion__content\">\n<p>The following research groups are currently being funded at the University of Siegen:<\/p>\n\n\n\n<p><a href=\"https:\/\/for5183.uni-siegen.de\/\" data-type=\"URL\" data-id=\"https:\/\/for5183.uni-siegen.de\/\"><strong>FOR 5183: Grenz\u00fcberschreitende Mobilit\u00e4t und Institutionendynamiken<\/strong><\/a><br>(Speaker: Prof. Dr. Karin Schittenhelm)<\/p>\n\n\n\n<p><strong><a rel=\"noreferrer noopener\" href=\"https:\/\/www.learning2sense.de\/\" target=\"_blank\">FOR 5336: KI-FOR Lernen optimaler Bilddatensensorik<\/a><\/strong><br>(Speaker: Prof. Dr. Michael M\u00f6ller)<\/p>\n\n\n\n<h4 class=\"wp-block-heading\">Participation in Research Groups:<\/h4>\n\n\n\n<p><strong>FOR 2974: Affective and cognitive mechanisms of specific Internet-use disorders(ACSID)<\/strong><br>(Participating: Prof. Dr. Tim Klucken)<\/p>\n\n\n\n<p><strong>FOR 3022: Ultraschall\u00fcberwachung von Faser-Metall-Laminaten mit integrierten Sensoren<\/strong><br>(Participating: Prof. Dr. Axel von Hehl)<\/p>\n\n\n\n<h4 class=\"wp-block-heading\">Completed Research Groups:<\/h4>\n\n\n\n<p><strong>FOR 1873<\/strong><a rel=\"noreferrer noopener\" href=\"https:\/\/www.physik.uni-siegen.de\/qfet\/\" target=\"_blank\"><strong>: Quark Flavour Physics and Effective Field Theories<\/strong><\/a><br>(2013 \u2013 2019, Sprecher: Prof. Dr. Thomas Mannel)<\/p>\n<\/div><\/div>\n\n\n\n<div class=\"wp-block-pb-accordion-item c-accordion__item js-accordion-item no-js\" data-initially-open=\"false\" data-click-to-close=\"true\" data-auto-close=\"true\" data-scroll=\"false\" data-scroll-offset=\"0\"><h2 id=\"at-12012\" class=\"c-accordion__title js-accordion-controller\" role=\"button\">Federal Projects<\/h2><div id=\"ac-12012\" class=\"c-accordion__content\">\n<p><strong><a href=\"https:\/\/www.controlling.rwth-aachen.de\/cms\/controlling\/forschung\/forschungsprojekte\/laufende-projekte\/~bkdpje\/circular-e-cars\/\" data-type=\"link\" data-id=\"https:\/\/www.uni-siegen.de\/start\/news\/forschungsnews\/1042219.html\">Circular E-Cars<\/a><\/strong><br>(Participant: Prof. Dr. Axel von Hehl)<\/p>\n\n\n\n<p><strong><a rel=\"noreferrer noopener\" href=\"https:\/\/www.quantentechnologien.de\/forschung\/foerderung\/quantenprozessoren-und-technologien-fuer-quantencomputer\/miqro.html\" target=\"_blank\">MIQRO <\/a><a href=\"https:\/\/www.quantentechnologien.de\/forschung\/foerderung\/quantenprozessoren-und-technologien-fuer-quantencomputer\/miqro.html\" target=\"_blank\" rel=\"noreferrer noopener\">&#8211;<\/a><a rel=\"noreferrer noopener\" href=\"https:\/\/www.quantentechnologien.de\/forschung\/foerderung\/quantenprozessoren-und-technologien-fuer-quantencomputer\/miqro.html\" target=\"_blank\"> Skalierbarer Quantencomputer mit Hochfrequenz\u2010gesteuerten gespeicherten Ionen<\/a><\/strong><br>Prof. Dr. Christof Wunderlich<\/p>\n\n\n\n<p><a rel=\"noreferrer noopener\" href=\"https:\/\/www.quantentechnologien.de\/forschung\/foerderung\/quantencomputer-demonstrationsaufbauten\/atiq.html\" target=\"_blank\"><strong>ATIQ &#8211; Implementierung von Quantenalgorithmen aus Finanzwesen und Chemie auf einem Quantendemonstrator<\/strong><\/a><br>Prof. Dr. Christof Wunderlich<\/p>\n\n\n\n<p><strong><a href=\"https:\/\/www.uni-siegen.de\/start\/news\/forschungsnews\/950581.html\">ATLAS<\/a><\/strong><br>Prof. Dr. Prof. Dr. Markus Cristinziani<\/p>\n\n\n\n<p><strong><a rel=\"noreferrer noopener\" href=\"https:\/\/www.bildung.uni-siegen.de\/berufspaedagogik\/forschung\/manufaktur_lehrerbildung_berufskolleg1.html\" target=\"_blank\">Faktur &#8211; Manufaktur Lehrerbildung Berufskolleg <\/a><\/strong><br>Prof. Dr. Ulrike Buchmann<\/p>\n\n\n\n<p><a rel=\"noreferrer noopener\" href=\"https:\/\/www.photonikforschung.de\/projekte\/photonische-prozessketten\/projekt\/amitie.html\" target=\"_blank\"><strong>AMITIE &#8211; Adaptive multimodale in-line Inspektion Faserverst\u00e4rkter Thermoplaste im Automobilen Leichtbau<\/strong><\/a><br>Prof. Dr. Peter Haring Bol\u00edvar<\/p>\n\n\n\n<p><strong>Sludge2P &#8211; Energieautarke R\u00fcckgewinnung von Phosphaten durch ganzheitliche Kl\u00e4rschlammverwertung mit integrierter Wasserstoffgewinnung, Teilvorhaben: Errichtung und Betrieb der Vergasunganlage sowie Simulation und Up-Scale der Anlagentechnik<\/strong><br>Prof. Dr. Wolfgang Krumm<\/p>\n<\/div><\/div>\n\n\n\n<div class=\"wp-block-pb-accordion-item c-accordion__item js-accordion-item no-js\" data-initially-open=\"false\" data-click-to-close=\"true\" data-auto-close=\"true\" data-scroll=\"false\" data-scroll-offset=\"0\"><h2 id=\"at-12013\" class=\"c-accordion__title js-accordion-controller\" role=\"button\">EU-Projects<\/h2><div id=\"ac-12013\" class=\"c-accordion__content\">\n<h3 class=\"wp-block-heading\">Horizont Europa<\/h3>\n\n\n\n<p><a href=\"https:\/\/teraibs.eu\/\"><strong>TeraIBs (MSCA-DN)<\/strong><\/a><br>Participant: Prof. Dr.-Ing. Peter Haring Bol\u00edvar<\/p>\n\n\n\n<p><a href=\"https:\/\/www.edgeai-trust.eu\/\"><strong>EdgeAI-Trust<\/strong><\/a><br>Participant: Prof. Dr.-Ing. Roman Obermaisser<\/p>\n\n\n\n<p><strong><a href=\"https:\/\/www.ms-spidoc.eu\/spidocs\/\" data-type=\"URL\" data-id=\"https:\/\/www.ms-spidoc.eu\/spidocs\/\">SPIDoc\u00b4s (MSCA-DN)<\/a><\/strong> (from 01.04.2024: Universit\u00e4t zu L\u00fcbeck)<br>Coordinator: Prof. Dr. Charlotte Uetrecht<\/p>\n\n\n\n<p><strong><a href=\"https:\/\/www.greenpaths.info\/\" data-type=\"URL\" data-id=\"https:\/\/www.greenpaths.info\/\">GREENPATHS<\/a><\/strong><br>Participant: Jun.-Prof. Dr. Thomas Kopp<\/p>\n\n\n\n<p><strong><a href=\"https:\/\/www.ecomobility-project.eu\/\" data-type=\"URL\" data-id=\"https:\/\/www.ecomobility-project.eu\/\">EcoMobility<\/a><\/strong><br>Participant: Prof. Dr.-Ing. Roman Obermaisser<\/p>\n\n\n\n<p><strong><strong><a href=\"https:\/\/nomad-horizoneurope.eu\/\" data-type=\"URL\" data-id=\"https:\/\/nomad-horizoneurope.eu\/\">NOMAD<\/a><\/strong><\/strong><br>Participant: Prof. Dr.-Ing. Manuela S. Killian<\/p>\n\n\n\n<p><strong><strong><a href=\"https:\/\/www.flex4res.eu\/\">FLEX4RES<\/a><\/strong><\/strong><br>Participant: Prof. Dr.-Ing. Martin Manns<\/p>\n\n\n\n<p><strong><a href=\"https:\/\/www.virusong.eu\/\" data-type=\"URL\" data-id=\"https:\/\/www.virusong.eu\/\">VIRUSONG<\/a><\/strong> (from 01.04.2024: Universit\u00e4t zu L\u00fcbeck)<br>Participant: Prof. Dr. Charlotte Uetrecht<\/p>\n\n\n\n<p><strong><a href=\"https:\/\/cordis.europa.eu\/project\/id\/101099697\">QUADRATURE<\/a><\/strong><br> Participant: Prof. Dr.-Ing. Peter Haring Bol\u00edvar \/ Prof. Dr. Xin Jiang<\/p>\n\n\n\n<p><a href=\"https:\/\/dcitizens.eu\/\" data-type=\"URL\" data-id=\"https:\/\/dcitizens.eu\/\"><strong>DCitizens<\/strong><\/a>  <br> Participant: Prof. Dr. Volker Wulf <\/p>\n\n\n\n<h3 class=\"wp-block-heading\">Horizon 2020<\/h3>\n\n\n\n<h4 class=\"wp-block-heading\">Marie Sk\u0142odowska-Curie Actions (MSCA)<\/h4>\n\n\n\n<p><strong><a rel=\"noreferrer noopener\" href=\"https:\/\/star.uni-siegen.de\/\" data-type=\"URL\" data-id=\"https:\/\/star.uni-siegen.de\/\" target=\"_blank\">MSCA COFUND: STAR<\/a><\/strong><br>Coordinator: Prof. Dr. Thomas Mannel<br>Project Manager: Dr. Nadine Hoffmann<\/p>\n\n\n\n<p><strong><a rel=\"noreferrer noopener\" href=\"https:\/\/gecko-project.eu\/\" data-type=\"URL\" data-id=\"https:\/\/gecko-project.eu\/\" target=\"_blank\">MSCA ITN: GECKO<\/a><\/strong><br>Coordinator: Prof. Dr. Gunnar Stevens<\/p>\n\n\n\n<p><strong><a rel=\"noreferrer noopener\" href=\"https:\/\/www.stimulus-etn.eu\/\" data-type=\"URL\" data-id=\"https:\/\/www.stimulus-etn.eu\/\" target=\"_blank\">MSCA ITN: STIMULUS<\/a><\/strong><br>Participant: Prof. Dr. Holger Sch\u00f6nherr, Prof. Dr. Ulrich Jonas<\/p>\n\n\n\n<p><a rel=\"noreferrer noopener\" href=\"http:\/\/www.menelaos-nt.eu\/\" data-type=\"URL\" data-id=\"http:\/\/www.menelaos-nt.eu\/\" target=\"_blank\"><strong>MSCA ITN: MENELAOS NT<\/strong><\/a><br>Participant : Dr. Andreas Kolb, Prof. Paula L\u00f3pez Mart\u00ednez<\/p>\n\n\n\n<p><a rel=\"noreferrer noopener\" href=\"http:\/\/cid.uni-trier.de\/\" data-type=\"URL\" data-id=\"http:\/\/cid.uni-trier.de\/\" target=\"_blank\"><strong>MSCA RISE: CID<\/strong><\/a><br>Coordinators: Prof. Dr. Markus Lohrey, Prof. Dr. Dieter Spreen<\/p>\n\n\n\n<h4 class=\"wp-block-heading\">Future and Emerging Technologies (FET)<\/h4>\n\n\n\n<p><strong><a rel=\"noreferrer noopener\" href=\"https:\/\/ariadne-vibe.com\/\" target=\"_blank\">FET Open: ARIADNE<\/a><\/strong><br>Participant: Prof. Dr. Charlotte Uetrech<\/p>\n\n\n\n<p><a href=\"https:\/\/poseidon-fet.eu\/\"><strong>FE<\/strong><\/a><strong><a rel=\"noreferrer noopener\" href=\"https:\/\/poseidon-fet.eu\/\" target=\"_blank\">T Open: POSEIDON<\/a><\/strong><br>Participant: Prof. Dr. Ulrich Jonas<\/p>\n\n\n\n<p><a rel=\"noreferrer noopener\" href=\"https:\/\/www.zurich.ibm.com\/wiplash\/\" data-type=\"URL\" data-id=\"https:\/\/www.zurich.ibm.com\/wiplash\/\" target=\"_blank\"><strong>FET Open: WiPlash<\/strong><\/a><br>Participant: Prof. Dr. Haring Bol\u00edvar<\/p>\n\n\n\n<p><strong><a rel=\"noreferrer noopener\" href=\"http:\/\/microqc.eu\/\" target=\"_blank\">Quantum Flagship: MicroQC<\/a><\/strong><br>Participant: Prof. Dr. Christof Wunderlich<\/p>\n\n\n\n<h4 class=\"wp-block-heading\">Other Horizon 2020 Projects<\/h4>\n\n\n\n<p><a href=\"https:\/\/dais-project.eu\/germany\/\"><strong>DAIS<\/strong><\/a><br>Participant: Prof. Dr. Bhaskar Choubey<\/p>\n\n\n\n<p><a rel=\"noreferrer noopener\" href=\"https:\/\/fractal-project.eu\/\" target=\"_blank\"><strong>FRACTAL<\/strong><\/a><br>Participant: Prof. Dr.-Ing. Roman Obermaisser<\/p>\n\n\n\n<p><a rel=\"noreferrer noopener\" href=\"https:\/\/www.e-vita.coach\/\" data-type=\"URL\" data-id=\"https:\/\/www.e-vita.coach\/\" target=\"_blank\"><strong>e-VITA<\/strong><\/a><br>Coordinators: Prof. Dr. Volker Wulff, Prof. Dr. Marc Hassenzahl<\/p>\n\n\n\n<p><strong><a rel=\"noreferrer noopener\" href=\"https:\/\/ifast-project.eu\/\" data-type=\"URL\" data-id=\"https:\/\/ifast-project.eu\/\" target=\"_blank\">I.FAST<\/a><\/strong><br>Participant: Prof. Dr. Xin Jiang<\/p>\n\n\n\n<p><strong><a rel=\"noreferrer noopener\" href=\"https:\/\/entrust-project.eu\/\" target=\"_blank\">EnTrust<\/a><\/strong><br>Coordinator: Prof. Dr. Christian Lahusen<\/p>\n\n\n\n<p><strong><a rel=\"noreferrer noopener\" href=\"https:\/\/www.welcomingspaces.eu\/\" target=\"_blank\">Welcoming Spaces<\/a><\/strong><br>Participant: Jun.-Prof.&#8217;in Dr. Sabine Meier<\/p>\n\n\n\n<p><strong><a rel=\"noreferrer noopener\" href=\"https:\/\/www.mb.uni-siegen.de\/lot\/forschung\/projekte\/aries.html?lang=de\" target=\"_blank\">ARIES<\/a><\/strong><br>Participant: Prof. Dr. Xin Jiang<\/p>\n\n\n\n<h3 class=\"wp-block-heading\">ERASMUS+ Key Action 2 (KA2)<\/h3>\n\n\n\n<p>Projects in the Erasmus+ Key Action 2 can be found at the <a href=\"https:\/\/www.uni-siegen.de\/start\/international\/itpf\/index.html.en?lang=en\">International Office<\/a>.<\/p>\n<\/div><\/div>\n<\/div>\n\n\n\n<div class=\"wp-block-column is-layout-flow wp-block-column-is-layout-flow\">\n<div class=\"wp-block-pb-accordion-item c-accordion__item js-accordion-item no-js\" data-initially-open=\"false\" data-click-to-close=\"true\" data-auto-close=\"true\" data-scroll=\"false\" data-scroll-offset=\"0\"><h2 id=\"at-12014\" class=\"c-accordion__title js-accordion-controller\" role=\"button\">Research Training Groups<\/h2><div id=\"ac-12014\" class=\"c-accordion__content\">\n<p>The following Research Training Groups currently exist at the University:<\/p>\n\n\n\n<p><strong><a href=\"https:\/\/www.uni-siegen.de\/start\/news\/forschungsnews\/1042219.html\">Circular E-Cars<\/a><\/strong><br>(Speaker at the University of Siegen: Prof. Dr. Axel von Hehl)<\/p>\n\n\n\n<p><strong><a href=\"https:\/\/www.mediacoop.uni-siegen.de\/en\/projects\/integrated-research-training-group\/\">MGK &#8211; Integrated Research Training Group<\/a><\/strong><br>SFB\/CRC Medien der Kooperation<br>(Principal Investigator: Prof. Dr. Carolin Gerlitz)<\/p>\n\n\n\n<p><strong>Graduiertenkolleg 2493<\/strong><br><a href=\"https:\/\/folgensozialerhilfen.de\/\" data-type=\"URL\" data-id=\"https:\/\/folgensozialerhilfen.de\/\" target=\"_blank\" rel=\"noreferrer noopener\">Folgen Sozialer Hilfen<\/a><br>(Since 2020, Speaker: Prof. Dr. Chantal Munsch)<\/p>\n\n\n\n<h4 class=\"wp-block-heading\">Completed Research Training Groups<\/h4>\n\n\n\n<p><strong>Graduiertenkolleg 1769<\/strong><br><a rel=\"noreferrer noopener\" href=\"http:\/\/www.locatingmedia.uni-siegen.de\/\" data-type=\"URL\" data-id=\"http:\/\/www.locatingmedia.uni-siegen.de\/\" target=\"_blank\">Locating Media<\/a><br>(2012 \u2013 2021, Speaker: Prof. Dr. Tristan Thielmann)<\/p>\n\n\n\n<p><strong>Graduiertenkolleg 1564<\/strong><br><a rel=\"noreferrer noopener\" href=\"http:\/\/www.grk1564.uni-siegen.de\/\" data-type=\"URL\" data-id=\"http:\/\/www.grk1564.uni-siegen.de\/\" target=\"_blank\">Imaging New Modalities. Multimodal Image Acquisition and Analysis for Civil Security Applications<\/a><br>(2009 \u2013 2018, Speaker: Prof. Dr. Andreas Kolb)<\/p>\n<\/div><\/div>\n\n\n\n<div class=\"wp-block-pb-accordion-item c-accordion__item js-accordion-item no-js\" data-initially-open=\"false\" data-click-to-close=\"true\" data-auto-close=\"true\" data-scroll=\"false\" data-scroll-offset=\"0\"><h2 id=\"at-12015\" class=\"c-accordion__title js-accordion-controller\" role=\"button\">Priority Programs<\/h2><div id=\"ac-12015\" class=\"c-accordion__content\">\n<h4 class=\"wp-block-heading\">Priority Programs coordinated at the University of Siegen<\/h4>\n\n\n\n<p><strong>SPP 2416: CodeChi \u2013 Chitin, Chitosan und Chito-Oligosaccharide und ihre Interaktion mit Proteinen der extrazellul\u00e4ren Matrix und zellul\u00e4rer Signalwege<\/strong><br>(Coordinator: Prof. Dr. Hans Merzendorfer) <\/p>\n\n\n\n<h4 class=\"wp-block-heading\">Participation in Priority Programs<\/h4>\n\n\n\n<p> <strong>SPP 2080: Temporally and spatially resolved non intrusive measurement of temperature and species concentration profiles during catalytic production of synthetic methane in open cell foam catalysts<\/strong><br>(Participating : Prof. Dr. Thomas Seeger; Prof. Dr. Wolfgang Krum) <\/p>\n\n\n\n<p> <strong>SPP 2314: Microfluidic Active-Feedback THz Biosensor for Direct, Sensitive and Selective Exosome and Virus Detection in Aqueous Environments<\/strong><br>( Participating : Prof. Dr. Peter Haring Bol\u00edvar; Prof. Dr. Anja Bosserhoff; Prof. Dr. Bhaskar Choubey) <\/p>\n\n\n\n<p><strong><a rel=\"noreferrer noopener\" href=\"https:\/\/spp2256.ur.de\/de\/\" data-type=\"URL\" data-id=\"https:\/\/spp2256.ur.de\/de\/\" target=\"_blank\">SPP 2256: Variationelle Methoden zur Vorhersage komplexer Ph\u00e4nomene in Strukturen und Materialien der Ingenieurwissenschaften<\/a><\/strong><br>(Participating: Prof. Dr. Kerstin Weinberg)<\/p>\n\n\n\n<p><strong>SPP 2199: Skalierbare Interaktionsparadigmen f\u00fcr allgegenw\u00e4rtige Rechnerumgebungen<\/strong><br>(Participating : Prof. Dr. Marc Hassenzahl; Prof. Dr. Kristof van Laerhoven)<\/p>\n\n\n\n<p><strong>SPP 2298: Theoretische Grundlagen von Deep Learning<\/strong><br>(Participating : Prof. Dr. Michael M\u00f6ller)<\/p>\n\n\n\n<p><strong><a rel=\"noreferrer noopener\" href=\"https:\/\/www.perovskite-spp.uni-konstanz.de\/spp-2196\/\" data-type=\"URL\" data-id=\"https:\/\/www.perovskite-spp.uni-konstanz.de\/spp-2196\/\" target=\"_blank\">SPP 2196: Perowskit-Halbleiter: Von fundamentalen Eigenschaften zur Anwendung<\/a><\/strong><br>(Participating : Dr. Robin Ohmann)<\/p>\n\n\n\n<p><strong><a rel=\"noreferrer noopener\" href=\"https:\/\/www.spp-sealevel.de\/\" data-type=\"URL\" data-id=\"https:\/\/www.spp-sealevel.de\/\" target=\"_blank\">SPP 1889: Regional Sea Level Change and Society (SeaLevel)<\/a><\/strong><br>(Participating : Prof. Dr. J\u00fcrgen Jensen)<\/p>\n\n\n\n<p><strong><a rel=\"noreferrer noopener\" href=\"https:\/\/www.sppccahea.uni-bayreuth.de\/en\/index.html\" data-type=\"URL\" data-id=\"https:\/\/www.sppccahea.uni-bayreuth.de\/en\/index.html\" target=\"_blank\">SPP 2006: Legierungen mit komplexer Zusammensetzung &#8211; Hochentropielegierungen (CCA &#8211; HEA)<\/a><\/strong><br>(Participating : Prof. Dr. Hans J\u00fcrgen Christ)<\/p>\n\n\n\n<p><strong>SPP 1857: Elektromagnetische Sensoren f\u00fcr Life Sciences (ESSENCE)<\/strong><br>(Participating : Prof. Dr. Peter Haring Bol\u00edvar; Dr. Anna Katharina Wigger)<\/p>\n\n\n\n<h4 class=\"wp-block-heading\">Completed Priority Programs<\/h4>\n\n\n\n<p><strong>SPP 1466 Unendliche Lebensdauer f\u00fcr zyklisch beanspruchte Hochleistungswerkstoffe<\/strong><br>(2010 \u2013 2019, Speaker: Prof. Dr. Hans J\u00fcrgen Christ)<\/p>\n<\/div><\/div>\n\n\n\n<div class=\"wp-block-pb-accordion-item c-accordion__item js-accordion-item no-js\" data-initially-open=\"false\" data-click-to-close=\"true\" data-auto-close=\"true\" data-scroll=\"false\" data-scroll-offset=\"0\"><h2 id=\"at-12016\" class=\"c-accordion__title js-accordion-controller\" role=\"button\">State Projects<\/h2><div id=\"ac-12016\" class=\"c-accordion__content\">\n<p><strong><a href=\"https:\/\/www.cscw.uni-siegen.de\/projekte\/smap-zentrum-fur-smart-production-design-siegen\/\" target=\"_blank\" rel=\"noreferrer noopener\">SmaP \u2013 Zentrum f\u00fcr Smart Production Design Siegen<\/a><\/strong><br>Prof. Dr. Bernd Engel<\/p>\n\n\n\n<p><a href=\"https:\/\/www.digital-energy.nrw\/\" target=\"_blank\" rel=\"noreferrer noopener\"><strong>sustainKMU<\/strong><\/a><br>Prof. Dr. Volker Wulf<\/p>\n<\/div><\/div>\n\n\n\n<div class=\"wp-block-pb-accordion-item c-accordion__item js-accordion-item no-js\" data-initially-open=\"false\" data-click-to-close=\"true\" data-auto-close=\"true\" data-scroll=\"false\" data-scroll-offset=\"0\"><h2 id=\"at-12017\" class=\"c-accordion__title js-accordion-controller\" role=\"button\">Academies Program<\/h2><div id=\"ac-12017\" class=\"c-accordion__content\">\n<p>The academy program serves to develop, safeguard and present our cultural heritage. It is currently the largest humanities research project in Germany. It is coordinated by the Union of German Academies of Sciences and promotes long-term research in the humanities, but also in basic research in the social sciences. These are the University&#8217;s current research projects in the academy program of the North Rhine-Westphalian Academy of Sciences and Arts:<\/p>\n\n\n\n<p><strong><a rel=\"noreferrer noopener\" href=\"https:\/\/www.dmw-projekt.de\/\" target=\"_blank\">Dialektatlas Mittleres Westdeutschland (DMW) <\/a><\/strong><br>(Since 2016, Speaker: Prof. Dr. Petra M. Vogel)<\/p>\n<\/div><\/div>\n<\/div>\n<\/div>\n","protected":false},"excerpt":{"rendered":"<p>The following large-scale joint projects are currently being funded at the University of Siegen:<\/p>\n","protected":false},"author":516,"featured_media":0,"parent":343,"menu_order":1,"comment_status":"closed","ping_status":"closed","template":"","meta":{"footnotes":""},"class_list":["post-1201","page","type-page","status-publish","hentry"],"blocksy_meta":{"styles_descriptor":{"styles":{"desktop":"","tablet":"","mobile":""},"google_fonts":[],"version":6}},"_links":{"self":[{"href":"https:\/\/forschung.uni-siegen.de\/en\/wp-json\/wp\/v2\/pages\/1201","targetHints":{"allow":["GET"]}}],"collection":[{"href":"https:\/\/forschung.uni-siegen.de\/en\/wp-json\/wp\/v2\/pages"}],"about":[{"href":"https:\/\/forschung.uni-siegen.de\/en\/wp-json\/wp\/v2\/types\/page"}],"author":[{"embeddable":true,"href":"https:\/\/forschung.uni-siegen.de\/en\/wp-json\/wp\/v2\/users\/516"}],"replies":[{"embeddable":true,"href":"https:\/\/forschung.uni-siegen.de\/en\/wp-json\/wp\/v2\/comments?post=1201"}],"version-history":[{"count":34,"href":"https:\/\/forschung.uni-siegen.de\/en\/wp-json\/wp\/v2\/pages\/1201\/revisions"}],"predecessor-version":[{"id":3184,"href":"https:\/\/forschung.uni-siegen.de\/en\/wp-json\/wp\/v2\/pages\/1201\/revisions\/3184"}],"up":[{"embeddable":true,"href":"https:\/\/forschung.uni-siegen.de\/en\/wp-json\/wp\/v2\/pages\/343"}],"wp:attachment":[{"href":"https:\/\/forschung.uni-siegen.de\/en\/wp-json\/wp\/v2\/media?parent=1201"}],"curies":[{"name":"wp","href":"https:\/\/api.w.org\/{rel}","templated":true}]}}