{"id":1155,"date":"2022-02-21T20:27:43","date_gmt":"2022-02-21T19:27:43","guid":{"rendered":"https:\/\/blogs.uni-siegen.de\/forschung\/?page_id=1155"},"modified":"2023-03-08T18:23:48","modified_gmt":"2023-03-08T17:23:48","slug":"scientific-centres-and-institutions","status":"publish","type":"page","link":"https:\/\/forschung.uni-siegen.de\/en\/forschung\/researchprofile\/scientific-centres-and-institutions\/","title":{"rendered":"Scientific Centres and Institutions"},"content":{"rendered":"\n<h2 class=\"wp-block-heading\">Scientific Centres and Institutions<\/h2>\n\n\n\n<p class=\"balkenlink verlaufuni\"><a href=\"https:\/\/www.uni-siegen.de\/gender\/index.html.en?lang=en\" data-type=\"URL\" data-id=\"https:\/\/www.uni-siegen.de\/gender\/index.html.en?lang=en\" target=\"_blank\" rel=\"noreferrer noopener\">Gender Studies Siegen (GestuS)<\/a><\/p>\n\n\n\n<p class=\"balkenlink verlaufuni\"><a href=\"http:\/\/www.uni-siegen.de\/zlb\/start\/?lang=de\" data-type=\"URL\" data-id=\"http:\/\/www.uni-siegen.de\/zlb\/start\/?lang=de\" target=\"_blank\" rel=\"noreferrer noopener\">Zentrum f\u00fcr Lehrerbildung und Bildungsforschung (ZLB)<\/a><\/p>\n\n\n\n<h2 class=\"wp-block-heading\">Scientific Centres and Institutions of the faculties<\/h2>\n\n\n\n<p class=\"balkenlink verlauffak4\"><a href=\"https:\/\/www.uni-siegen.de\/cm\/cm\/\" data-type=\"URL\" data-id=\"https:\/\/www.uni-siegen.de\/cm\/cm\/\" target=\"_blank\" rel=\"noreferrer noopener\">Center for innovative materials (CM)<\/a><\/p>\n\n\n\n<p class=\"balkenlink verlauffak4\"><a href=\"http:\/\/www.physik.uni-siegen.de\/cpps\/\" data-type=\"URL\" data-id=\"http:\/\/www.physik.uni-siegen.de\/cpps\/\" target=\"_blank\" rel=\"noreferrer noopener\">Center for Particle Physics<\/a><\/p>\n\n\n\n<p class=\"balkenlink verlauffak4\"><a href=\"https:\/\/www.bau.uni-siegen.de\/subdomains\/fibb\/index.html.en?lang=en\" data-type=\"URL\" data-id=\"https:\/\/www.bau.uni-siegen.de\/subdomains\/fibb\/index.html.en?lang=en\" target=\"_blank\" rel=\"noreferrer noopener\">Institute for Advanced Materials and Structures (FiBB)<\/a><\/p>\n\n\n\n<p class=\"balkenlink verlauffak4\"><a rel=\"noreferrer noopener\" href=\"https:\/\/www.uni-siegen.de\/cu\/index.html?lang=de&amp;lang=de\" data-type=\"URL\" data-id=\"https:\/\/www.uni-siegen.de\/cu\/index.html?lang=de&amp;lang=de\" target=\"_blank\">Research Center of Micro- and Nanochemistry and (Bio)Technology (C\u00b5)<\/a><\/p>\n\n\n\n<p class=\"balkenlink verlauffak3\"><a href=\"http:\/\/ischool.uni-siegen.de\/en\/\" data-type=\"URL\" data-id=\"http:\/\/ischool.uni-siegen.de\/en\/\" target=\"_blank\" rel=\"noreferrer noopener\">iSchool &#8211; School of Media and Information<\/a><\/p>\n\n\n\n<p class=\"balkenlink verlauffak3\"><a href=\"http:\/\/www.wiwi.uni-siegen.de\/winfo\/\" target=\"_blank\" rel=\"noreferrer noopener\">Institut f\u00fcr Wirtschaftsinformatik (IWI)<\/a><\/p>\n\n\n\n<p class=\"balkenlink verlauffak3\"><a href=\"https:\/\/www.uni-siegen.de\/imkr\/index.html?lang=de\" target=\"_blank\" rel=\"noreferrer noopener\">Institut f\u00fcr Medien- und Kommunikationsrecht (IMKR)<\/a><\/p>\n\n\n\n<p class=\"balkenlink verlauffak3\"><a href=\"http:\/\/www.wiwi.uni-siegen.de\/suwi\/home\/\" data-type=\"URL\" data-id=\"http:\/\/www.wiwi.uni-siegen.de\/suwi\/home\/\" target=\"_blank\" rel=\"noreferrer noopener\">Siegener Institut f\u00fcr Unternehmensbesteuerung, Wirtschaftspr\u00fcfung, Rechnungslegung und Wirtschaftsrecht<\/a><\/p>\n\n\n\n<p class=\"balkenlink verlauffak3\"><a href=\"http:\/\/www.uni-siegen.de\/smi\/\" target=\"_blank\" rel=\"noreferrer noopener\">Siegener Mittelstandsinstitut (SMI)<\/a><\/p>\n\n\n\n<p class=\"balkenlink verlauffak2\"><a href=\"http:\/\/www.uni-siegen.de\/fb2\/size\/ueber_size\/\" target=\"_blank\" rel=\"noreferrer noopener\">Siegener Zentrum f\u00fcr sozialwissenschaftliche Erziehungs- und Bildungsforschung (SiZe)<\/a><\/p>\n\n\n\n<p class=\"balkenlink verlauffak2\"><a rel=\"noreferrer noopener\" href=\"https:\/\/zpe.uni-siegen.de\/homepage\/\" data-type=\"URL\" data-id=\"https:\/\/zpe.uni-siegen.de\/homepage\/\" target=\"_blank\">Centre for Planning and Development of Social Services (ZPE)<\/a><\/p>\n\n\n\n<p class=\"balkenlink verlauffak3\"><a href=\"http:\/\/www.uni-siegen.de\/business-school\/\" target=\"_blank\" rel=\"noreferrer noopener\">Universit\u00e4t Siegen Business School<\/a><\/p>\n\n\n\n<p class=\"balkenlink verlauffak3\"><a href=\"http:\/\/www.wiwi.uni-siegen.de\/wiwi\/wid\/\" target=\"_blank\" rel=\"noreferrer noopener\">Zentrum f\u00fcr \u00f6konomische Bildung in Siegen (Z\u00f6Bis)<\/a><\/p>\n\n\n\n<p class=\"balkenlink verlauffak4\"><a href=\"https:\/\/www.uni-siegen.de\/zess\/index.html.en?lang=en\" data-type=\"URL\" data-id=\"https:\/\/www.uni-siegen.de\/zess\/index.html.en?lang=en\" target=\"_blank\" rel=\"noreferrer noopener\">Center for Sensor Systems (ZESS)<\/a><\/p>\n","protected":false},"excerpt":{"rendered":"<p>Scientific Centres and Institutions Gender Studies Siegen (GestuS) Zentrum f\u00fcr Lehrerbildung und Bildungsforschung (ZLB) Scientific Centres and Institutions of the faculties Center for innovative materials (CM) Center for Particle Physics Institute for Advanced Materials and Structures (FiBB) Research Center of Micro- and Nanochemistry and (Bio)Technology (C\u00b5) iSchool &#8211; School of Media and Information Institut f\u00fcr [&hellip;]<\/p>\n","protected":false},"author":516,"featured_media":0,"parent":343,"menu_order":0,"comment_status":"closed","ping_status":"closed","template":"","meta":{"footnotes":""},"class_list":["post-1155","page","type-page","status-publish","hentry"],"blocksy_meta":{"styles_descriptor":{"styles":{"desktop":"","tablet":"","mobile":""},"google_fonts":[],"version":6}},"_links":{"self":[{"href":"https:\/\/forschung.uni-siegen.de\/en\/wp-json\/wp\/v2\/pages\/1155","targetHints":{"allow":["GET"]}}],"collection":[{"href":"https:\/\/forschung.uni-siegen.de\/en\/wp-json\/wp\/v2\/pages"}],"about":[{"href":"https:\/\/forschung.uni-siegen.de\/en\/wp-json\/wp\/v2\/types\/page"}],"author":[{"embeddable":true,"href":"https:\/\/forschung.uni-siegen.de\/en\/wp-json\/wp\/v2\/users\/516"}],"replies":[{"embeddable":true,"href":"https:\/\/forschung.uni-siegen.de\/en\/wp-json\/wp\/v2\/comments?post=1155"}],"version-history":[{"count":6,"href":"https:\/\/forschung.uni-siegen.de\/en\/wp-json\/wp\/v2\/pages\/1155\/revisions"}],"predecessor-version":[{"id":2180,"href":"https:\/\/forschung.uni-siegen.de\/en\/wp-json\/wp\/v2\/pages\/1155\/revisions\/2180"}],"up":[{"embeddable":true,"href":"https:\/\/forschung.uni-siegen.de\/en\/wp-json\/wp\/v2\/pages\/343"}],"wp:attachment":[{"href":"https:\/\/forschung.uni-siegen.de\/en\/wp-json\/wp\/v2\/media?parent=1155"}],"curies":[{"name":"wp","href":"https:\/\/api.w.org\/{rel}","templated":true}]}}