{"id":1153,"date":"2022-02-21T19:06:38","date_gmt":"2022-02-21T18:06:38","guid":{"rendered":"https:\/\/blogs.uni-siegen.de\/forschung\/?page_id=1153"},"modified":"2024-06-11T07:19:53","modified_gmt":"2024-06-11T05:19:53","slug":"grants-and-individual-funding","status":"publish","type":"page","link":"https:\/\/forschung.uni-siegen.de\/en\/forschung\/researchprofile\/grants-and-individual-funding\/","title":{"rendered":"Grants and Individual Funding"},"content":{"rendered":"\n<div class=\"wp-block-group regularhero is-layout-flow wp-block-group-is-layout-flow\">\n<div class=\"wp-block-cover is-light\"><span aria-hidden=\"true\" class=\"wp-block-cover__background has-palette-color-8-background-color has-background-dim-0 has-background-dim\"><\/span><img decoding=\"async\" class=\"wp-block-cover__image-background wp-image-1023\" alt=\"\" src=\"https:\/\/forschung.uni-siegen.de\/files\/2022\/02\/cosera2.jpg\" style=\"object-position:55% 26%\" data-object-fit=\"cover\" data-object-position=\"55% 26%\" \/><div class=\"wp-block-cover__inner-container is-layout-flow wp-block-cover-is-layout-flow\">\n<p class=\"has-text-align-center has-large-font-size\"><\/p>\n<\/div><\/div>\n\n\n\n<p><\/p>\n<\/div>\n\n\n\n<p>Individual grants such as ERC grants, Heisenberg grantees as well as federal and state young talent groups<\/p>\n\n\n\n<div class=\"wp-block-pb-accordion-item c-accordion__item js-accordion-item no-js\" data-initially-open=\"false\" data-click-to-close=\"true\" data-auto-close=\"true\" data-scroll=\"false\" data-scroll-offset=\"0\"><h2 id=\"at-11530\" class=\"c-accordion__title js-accordion-controller\" role=\"button\">ERC-Grants<\/h2><div id=\"ac-11530\" class=\"c-accordion__content\">\n<p>Completed ERC grants:<\/p>\n\n\n\n<ul class=\"wp-block-list\">\n<li>ERC Consolidator Grant Prof. Otfried G\u00fchne: TempoQ (2016 \u2013 2021)<\/li>\n\n\n\n<li>ERC Starting Grant Prof. Holger Sch\u00f6nherr: ASMIDIAS (2011 -2016)<\/li>\n\n\n\n<li>ERC Starting Grant Dr. Gilbert N\u00f6ll: Dodecin (2009 \u2013 2015)<\/li>\n<\/ul>\n<\/div><\/div>\n\n\n\n<div class=\"wp-block-pb-accordion-item c-accordion__item js-accordion-item no-js\" data-initially-open=\"false\" data-click-to-close=\"true\" data-auto-close=\"true\" data-scroll=\"false\" data-scroll-offset=\"0\"><h2 id=\"at-11531\" class=\"c-accordion__title js-accordion-controller\" role=\"button\">Heisenberg-Funding<\/h2><div id=\"ac-11531\" class=\"c-accordion__content\">\n<p><strong>Heisenberg-Professorship:<\/strong><\/p>\n\n\n\n<p><a href=\"https:\/\/www.uni-siegen.de\/start\/news\/oeffentlichkeit\/939700.html\" data-type=\"URL\" data-id=\"https:\/\/www.uni-siegen.de\/start\/news\/oeffentlichkeit\/939700.html\">Professor Dr. Markus Cristinziani: Bestimmung der Top-Quark-Kopplungen mit Multilepton-Endzust\u00e4nden am LHC und Vorbereitungen f\u00fcr die n\u00e4chste Generation Beam-Dump-Experimente<\/a> (seit 2020)<\/p>\n\n\n\n<p><a href=\"https:\/\/www.uni-siegen.de\/start\/news\/oeffentlichkeit\/909918.html\" data-type=\"URL\" data-id=\"https:\/\/www.uni-siegen.de\/start\/news\/oeffentlichkeit\/909918.html\">Professorin Dr. Cornelia Wild: Liebesdiskurs (12.-20. Jh.)<\/a> (seit 2020) <\/p>\n\n\n\n<p><strong>Heisenberg-Fellowship:<\/strong><br><a href=\"https:\/\/www.mb.uni-siegen.de\/heisenberg\/eidel\/\" data-type=\"URL\" data-id=\"https:\/\/www.mb.uni-siegen.de\/heisenberg\/eidel\/\">PD Dr.-Ing. Bernhard Eidel: Nano-Mikro Skalen\u00fcberg\u00e4nge durch Atomistik-Kontinuum-Kopplung \u2013 problemangepasst, glatt oder sprunghaft <\/a>(seit 2013)<\/p>\n<\/div><\/div>\n\n\n\n<div class=\"wp-block-pb-accordion-item c-accordion__item js-accordion-item no-js\" data-initially-open=\"false\" data-click-to-close=\"true\" data-auto-close=\"true\" data-scroll=\"false\" data-scroll-offset=\"0\"><h2 id=\"at-11532\" class=\"c-accordion__title js-accordion-controller\" role=\"button\">Federal and state junior research groups<\/h2><div id=\"ac-11532\" class=\"c-accordion__content\">\n<p><\/p>\n\n\n\n<p><a href=\"https:\/\/isg.beel.org\/\">Dr. Joeran Beel (R\u00fcckkehrerprogramm NRW): Intelligent Systems<\/a><\/p>\n\n\n\n<p><a href=\"https:\/\/www.uni-siegen.de\/start\/news\/forschungsnews\/973501.html\">Dr. Zorah L\u00e4hner (KI-Starter Program NRW) <\/a><\/p>\n\n\n\n<p><a href=\"https:\/\/www.uni-siegen.de\/alumni\/angebote_service\/forscher_alumni\/tandem\/news\/mandal_mannel.html?lang=de\">Dr. Rusa Mandal (Professorinnenprogramm)<\/a><\/p>\n<\/div><\/div>\n\n\n\n<div class=\"wp-block-pb-accordion-item c-accordion__item js-accordion-item no-js\" data-initially-open=\"false\" data-click-to-close=\"true\" data-auto-close=\"true\" data-scroll=\"false\" data-scroll-offset=\"0\"><h2 id=\"at-11533\" class=\"c-accordion__title js-accordion-controller\" role=\"button\">Marie Sk\u0142odowska-Curie Actions: Postdoctoral Fellowships<\/h2><div id=\"ac-11533\" class=\"c-accordion__content\">\n<p><strong>2D-InTune <\/strong>(European Fellowship)<br>Fellow: Dr. Borna Pielic<br>Supervisor: Dr. Carsten Busse <\/p>\n\n\n\n<p><a href=\"https:\/\/topampk.com\" data-type=\"URL\" data-id=\"https:\/\/topampk.com\" target=\"_blank\" rel=\"noreferrer noopener\"><strong>Top-AMPK<\/strong><\/a> (Global Fellowship; From 01.08.2024: Universit\u00e4t zu L\u00fcbeck)<br>Fellow: Dr. Boris Krichel<br>Supervisor: Prof. Dr. Charlotte Uetrecht<\/p>\n<\/div><\/div>\n","protected":false},"excerpt":{"rendered":"<p>Individual grants such as ERC grants, Heisenberg grantees as well as federal and state young talent groups<\/p>\n","protected":false},"author":516,"featured_media":0,"parent":343,"menu_order":2,"comment_status":"closed","ping_status":"closed","template":"","meta":{"footnotes":""},"class_list":["post-1153","page","type-page","status-publish","hentry"],"blocksy_meta":{"styles_descriptor":{"styles":{"desktop":"","tablet":"","mobile":""},"google_fonts":[],"version":6}},"_links":{"self":[{"href":"https:\/\/forschung.uni-siegen.de\/en\/wp-json\/wp\/v2\/pages\/1153","targetHints":{"allow":["GET"]}}],"collection":[{"href":"https:\/\/forschung.uni-siegen.de\/en\/wp-json\/wp\/v2\/pages"}],"about":[{"href":"https:\/\/forschung.uni-siegen.de\/en\/wp-json\/wp\/v2\/types\/page"}],"author":[{"embeddable":true,"href":"https:\/\/forschung.uni-siegen.de\/en\/wp-json\/wp\/v2\/users\/516"}],"replies":[{"embeddable":true,"href":"https:\/\/forschung.uni-siegen.de\/en\/wp-json\/wp\/v2\/comments?post=1153"}],"version-history":[{"count":12,"href":"https:\/\/forschung.uni-siegen.de\/en\/wp-json\/wp\/v2\/pages\/1153\/revisions"}],"predecessor-version":[{"id":2643,"href":"https:\/\/forschung.uni-siegen.de\/en\/wp-json\/wp\/v2\/pages\/1153\/revisions\/2643"}],"up":[{"embeddable":true,"href":"https:\/\/forschung.uni-siegen.de\/en\/wp-json\/wp\/v2\/pages\/343"}],"wp:attachment":[{"href":"https:\/\/forschung.uni-siegen.de\/en\/wp-json\/wp\/v2\/media?parent=1153"}],"curies":[{"name":"wp","href":"https:\/\/api.w.org\/{rel}","templated":true}]}}